{"id":291,"date":"2025-07-26T15:02:58","date_gmt":"2025-07-26T15:02:58","guid":{"rendered":"https:\/\/italiabusinessbridge.bg\/?page_id=291"},"modified":"2025-07-26T15:10:12","modified_gmt":"2025-07-26T15:10:12","slug":"general-information-about-bulgaria","status":"publish","type":"page","link":"https:\/\/italiabusinessbridge.bg\/bg\/general-information-about-bulgaria\/","title":{"rendered":"General information about Bulgaria"},"content":{"rendered":"<div data-elementor-type=\"wp-page\" data-elementor-id=\"291\" class=\"elementor elementor-291\" data-elementor-post-type=\"page\">\n\t\t\t\t<div class=\"elementor-element elementor-element-5996d56 wd-section-stretch e-flex e-con-boxed e-con e-parent\" data-id=\"5996d56\" data-element_type=\"container\" data-e-type=\"container\">\n\t\t\t\t\t<div class=\"e-con-inner\">\n\t\t\t\t<div class=\"elementor-element elementor-element-19862a8 elementor-widget elementor-widget-heading\" data-id=\"19862a8\" data-element_type=\"widget\" data-e-type=\"widget\" data-widget_type=\"heading.default\">\n\t\t\t\t<div class=\"elementor-widget-container\">\n\t\t\t\t\t<h2 class=\"elementor-heading-title elementor-size-default\">\u041e\u0431\u0449\u0430 \u0438\u043d\u0444\u043e\u0440\u043c\u0430\u0446\u0438\u044f \u0437\u0430 \u0411\u044a\u043b\u0433\u0430\u0440\u0438\u044f<\/h2>\t\t\t\t<\/div>\n\t\t\t\t<\/div>\n\t\t\t\t<div class=\"elementor-element elementor-element-1e3a34b color-scheme-inherit text-left elementor-widget elementor-widget-text-editor\" data-id=\"1e3a34b\" data-element_type=\"widget\" data-e-type=\"widget\" data-widget_type=\"text-editor.default\">\n\t\t\t\t<div class=\"elementor-widget-container\">\n\t\t\t\t\t\t\t\t\t<h4>\u0417\u0430\u0449\u043e \u0434\u0430 \u0438\u043d\u0432\u0435\u0441\u0442\u0438\u0440\u0430\u0442\u0435 \u0432 \u0411\u044a\u043b\u0433\u0430\u0440\u0438\u044f<\/h4><p>\u0411\u044a\u043b\u0433\u0430\u0440\u0438\u044f \u0435 \u0435\u0434\u0438\u043d \u043e\u0442 \u043d\u0430\u0439-\u0430\u0442\u0440\u0430\u043a\u0442\u0438\u0432\u043d\u0438\u0442\u0435 \u0435\u0432\u0440\u043e\u043f\u0435\u0439\u0441\u043a\u0438 \u043f\u0430\u0437\u0430\u0440\u0438 \u0437\u0430 \u0438\u0442\u0430\u043b\u0438\u0430\u043d\u0441\u043a\u0438\u0442\u0435 \u041c\u0421\u041f, \u0442\u044a\u0440\u0441\u0435\u0449\u0438 \u043d\u043e\u0432\u0438 \u0432\u044a\u0437\u043c\u043e\u0436\u043d\u043e\u0441\u0442\u0438 \u0437\u0430 \u0440\u0430\u0441\u0442\u0435\u0436.<br \/>- \u0415\u0434\u043d\u0430 \u043e\u0442 \u043d\u0430\u0439-\u043d\u0438\u0441\u043a\u0438\u0442\u0435 \u0434\u0430\u043d\u044a\u0447\u043d\u0438 \u0441\u0442\u0430\u0432\u043a\u0438 \u0432 \u0415\u0432\u0440\u043e\u043f\u0430: 10% \u043a\u043e\u0440\u043f\u043e\u0440\u0430\u0442\u0438\u0432\u0435\u043d \u0434\u0430\u043d\u044a\u043a \u0438 5% \u0432\u044a\u0440\u0445\u0443 \u0434\u0438\u0432\u0438\u0434\u0435\u043d\u0442\u0438\u0442\u0435.<br \/>- \u041a\u043e\u043d\u043a\u0443\u0440\u0435\u043d\u0442\u043d\u0438 \u043e\u043f\u0435\u0440\u0430\u0442\u0438\u0432\u043d\u0438 \u0440\u0430\u0437\u0445\u043e\u0434\u0438: \u0435\u043d\u0435\u0440\u0433\u0438\u044f, \u043d\u0430\u0435\u043c\u0438 \u0438 \u0443\u0441\u043b\u0443\u0433\u0438 \u0441\u0430 \u0441\u0440\u0435\u0434 \u043d\u0430\u0439-\u0435\u0432\u0442\u0438\u043d\u0438\u0442\u0435 \u0432 \u0415\u0421.<br \/>- \u0418\u0434\u0435\u0430\u043b\u043d\u043e \u043b\u043e\u0433\u0438\u0441\u0442\u0438\u0447\u043d\u043e \u043c\u0435\u0441\u0442\u043e\u043f\u043e\u043b\u043e\u0436\u0435\u043d\u0438\u0435: \u043a\u0440\u044a\u0441\u0442\u043e\u043f\u044a\u0442 \u043c\u0435\u0436\u0434\u0443 \u0415\u0432\u0440\u043e\u043f\u0430, \u0410\u0437\u0438\u044f \u0438 \u0411\u043b\u0438\u0437\u043a\u0438\u044f \u0438\u0437\u0442\u043e\u043a.<br \/>- \u0415\u0432\u0440\u043e\u043f\u0435\u0439\u0441\u043a\u0430 \u0431\u0430\u043d\u043a\u043e\u0432\u0430 \u0441\u0438\u0441\u0442\u0435\u043c\u0430: \u0441\u0442\u0430\u0431\u0438\u043b\u043d\u0430 \u0438 \u0438\u043d\u0442\u0435\u0433\u0440\u0438\u0440\u0430\u043d\u0430 \u0441 \u0415\u0421.<br \/>- \u041f\u043e\u0434\u0445\u043e\u0434\u044f\u0449\u0430 \u0431\u0438\u0437\u043d\u0435\u0441 \u0441\u0440\u0435\u0434\u0430: \u043d\u0438\u0441\u043a\u0430 \u0431\u044e\u0440\u043e\u043a\u0440\u0430\u0446\u0438\u044f \u0438 \u0432\u0438\u0441\u043e\u043a \u0434\u0438\u0433\u0438\u0442\u0430\u043b\u0435\u043d \u0434\u043e\u0441\u0442\u044a\u043f \u0434\u043e \u0443\u0441\u043b\u0443\u0433\u0438.<\/p><h4>\u0421\u044a\u0437\u0434\u0430\u0432\u0430\u043d\u0435 \u0438 \u0443\u043f\u0440\u0430\u0432\u043b\u0435\u043d\u0438\u0435 \u043d\u0430 \u0434\u0440\u0443\u0436\u0435\u0441\u0442\u0432\u043e<\/h4><p>\u041e\u0442\u0432\u0430\u0440\u044f\u043d\u0435\u0442\u043e \u043d\u0430 \u0444\u0438\u0440\u043c\u0430 \u0432 \u0411\u044a\u043b\u0433\u0430\u0440\u0438\u044f \u0435 \u043b\u0435\u0441\u043d\u043e, \u0431\u044a\u0440\u0437\u043e \u0438 \u0434\u043e\u0441\u0442\u044a\u043f\u043d\u043e.<br \/>- \u0424\u043e\u0440\u043c\u0438: \u041e\u041e\u0414, \u0415\u041e\u041e\u0414, \u0410\u0414.<br \/>- \u0423\u0447\u0440\u0435\u0434\u044f\u0432\u0430\u043d\u0435 \u0437\u0430 5-10 \u0440\u0430\u0431\u043e\u0442\u043d\u0438 \u0434\u043d\u0438.<br \/>- \u041c\u0438\u043d\u0438\u043c\u0430\u043b\u0435\u043d \u043a\u0430\u043f\u0438\u0442\u0430\u043b: \u043e\u043a\u043e\u043b\u043e 1 \u0435\u0432\u0440\u043e.<br \/>- \u0412\u044a\u0437\u043c\u043e\u0436\u043d\u0438 \u0447\u0443\u0436\u0434\u0435\u0441\u0442\u0440\u0430\u043d\u043d\u0438 \u0443\u043f\u0440\u0430\u0432\u0438\u0442\u0435\u043b\u0438.<br \/>- \u0421\u0447\u0435\u0442\u043e\u0432\u043e\u0434\u0441\u0442\u0432\u043e\u0442\u043e \u0441\u0435 \u0432\u044a\u0437\u043b\u0430\u0433\u0430 \u043d\u0430 \u0432\u044a\u043d\u0448\u043d\u0438 \u043a\u0430\u043d\u0442\u043e\u0440\u0438.<\/p><h4>\u0412\u043d\u043e\u0441\/\u0438\u0437\u043d\u043e\u0441 \u0438 \u043b\u043e\u0433\u0438\u0441\u0442\u0438\u043a\u0430<\/h4><p>- \u0411\u0435\u0437 \u043c\u0438\u0442\u0430 \u0432 \u0440\u0430\u043c\u043a\u0438\u0442\u0435 \u043d\u0430 \u0415\u0421.<br \/>- \u041c\u043e\u0434\u0435\u0440\u043d\u0430 \u0438\u043d\u0444\u0440\u0430\u0441\u0442\u0440\u0443\u043a\u0442\u0443\u0440\u0430: \u043f\u0440\u0438\u0441\u0442\u0430\u043d\u0438\u0449\u0430, \u043b\u0435\u0442\u0438\u0449\u0430, \u0430\u0432\u0442\u043e\u043c\u0430\u0433\u0438\u0441\u0442\u0440\u0430\u043b\u0438.<br \/>- \u0418\u043a\u043e\u043d\u043e\u043c\u0438\u0447\u0435\u0441\u043a\u0438 \u0437\u043e\u043d\u0438 \u0441\u044a\u0441 \u0441\u0442\u0438\u043c\u0443\u043b\u0438.<br \/>- \u0416\u0435\u043b\u0435\u0437\u043e\u043f\u044a\u0442\u043d\u0430 \u0441\u0432\u044a\u0440\u0437\u0430\u043d\u043e\u0441\u0442 \u0441 \u0415\u0432\u0440\u043e\u043f\u0430.<\/p><h4>\u0420\u0430\u0431\u043e\u0442\u043d\u0430 \u0440\u044a\u043a\u0430 \u0438 \u0447\u043e\u0432\u0435\u0448\u043a\u0438 \u0440\u0435\u0441\u0443\u0440\u0441\u0438<\/h4><p>- \u041a\u0432\u0430\u043b\u0438\u0444\u0438\u0446\u0438\u0440\u0430\u043d\u0438 \u0438 \u043c\u043d\u043e\u0433\u043e\u0435\u0437\u0438\u0447\u043d\u0438 \u0441\u043b\u0443\u0436\u0438\u0442\u0435\u043b\u0438.<br \/>- \u041d\u0438\u0441\u043a\u0438 \u0440\u0430\u0437\u0445\u043e\u0434\u0438 \u0437\u0430 \u0442\u0440\u0443\u0434.<br \/>- \u0414\u043e\u0431\u0440\u043e \u0442\u0435\u0445\u043d\u0438\u0447\u0435\u0441\u043a\u043e \u043e\u0431\u0440\u0430\u0437\u043e\u0432\u0430\u043d\u0438\u0435.<br \/>- \u0413\u044a\u0432\u043a\u0430\u0432\u0430 \u043e\u0441\u0438\u0433\u0443\u0440\u0438\u0442\u0435\u043b\u043d\u0430 \u0441\u0438\u0441\u0442\u0435\u043c\u0430.<\/p><h4>\u041f\u0440\u0435\u043f\u043e\u0440\u044a\u0447\u0430\u043d\u0438 \u043e\u0431\u043b\u0430\u0441\u0442\u0438 \u0437\u0430 \u0438\u043d\u0432\u0435\u0441\u0442\u0438\u0446\u0438\u0438<\/h4><p>- \u0421\u043e\u0444\u0438\u044f: \u0441\u0442\u043e\u043b\u0438\u0446\u0430 \u0438 \u0444\u0438\u043d\u0430\u043d\u0441\u043e\u0432 \u0446\u0435\u043d\u0442\u044a\u0440.<br \/>- \u041f\u043b\u043e\u0432\u0434\u0438\u0432: \u043f\u0440\u043e\u043c\u0438\u0448\u043b\u0435\u043d\u043e\u0441\u0442 \u0438 \u043b\u043e\u0433\u0438\u0441\u0442\u0438\u043a\u0430.<br \/>- \u0412\u0430\u0440\u043d\u0430 \u0438 \u0411\u0443\u0440\u0433\u0430\u0441: \u043f\u0440\u0438\u0441\u0442\u0430\u043d\u0438\u0449\u0430 \u0438 \u0442\u0443\u0440\u0438\u0437\u044a\u043c.<br \/>- \u0414\u0440\u0443\u0433\u0438: \u0420\u0443\u0441\u0435, \u0421\u0442\u0430\u0440\u0430 \u0417\u0430\u0433\u043e\u0440\u0430, \u0412\u0435\u043b\u0438\u043a\u043e \u0422\u044a\u0440\u043d\u043e\u0432\u043e.<\/p><h4>\u041f\u0440\u0430\u0432\u043d\u0438 \u0438 \u0434\u0430\u043d\u044a\u0447\u043d\u0438 \u0430\u0441\u043f\u0435\u043a\u0442\u0438<\/h4><p>- \u0417\u0430\u043a\u043e\u043d\u043e\u0434\u0430\u0442\u0435\u043b\u0441\u0442\u0432\u043e, \u0445\u0430\u0440\u043c\u043e\u043d\u0438\u0437\u0438\u0440\u0430\u043d\u043e \u0441 \u0415\u0421.<br \/>- \u0414\u043e\u0433\u043e\u0432\u043e\u0440 \u0437\u0430 \u0438\u0437\u0431\u044f\u0433\u0432\u0430\u043d\u0435 \u043d\u0430 \u0434\u0432\u043e\u0439\u043d\u043e\u0442\u043e \u0434\u0430\u043d\u044a\u0447\u043d\u043e \u043e\u0431\u043b\u0430\u0433\u0430\u043d\u0435 \u0441 \u0418\u0442\u0430\u043b\u0438\u044f.<br \/>- \u0414\u0414\u0421: 20%, \u043d\u0430\u043c\u0430\u043b\u0435\u043d \u0434\u043e 9% \u0437\u0430 \u0442\u0443\u0440\u0438\u0437\u044a\u043c.<br \/>- \u0414\u043e\u0433\u043e\u0432\u043e\u0440\u0438 \u043c\u043e\u0433\u0430\u0442 \u0434\u0430 \u0431\u044a\u0434\u0430\u0442 \u043d\u0430 \u0447\u0443\u0436\u0434 \u0435\u0437\u0438\u043a \u0441 \u043f\u0440\u0435\u0432\u043e\u0434.<\/p><h4>\u041d\u0435\u0434\u0432\u0438\u0436\u0438\u043c\u0438 \u0438\u043c\u043e\u0442\u0438 \u0438 \u043e\u0444\u0438\u0441\u0438<\/h4><p>- \u041d\u0438\u0441\u043a\u0438 \u0440\u0430\u0437\u0445\u043e\u0434\u0438 \u0437\u0430 \u043d\u0430\u0435\u043c \u0438\u043b\u0438 \u043f\u043e\u043a\u0443\u043f\u043a\u0430.<br \/>- \u0427\u0443\u0436\u0434\u0435\u043d\u0446\u0438 \u043c\u043e\u0433\u0430\u0442 \u0434\u0430 \u043a\u0443\u043f\u0443\u0432\u0430\u0442 \u0447\u0440\u0435\u0437 \u0444\u0438\u0440\u043c\u0430.<br \/>- \u041d\u0430\u043b\u0438\u0447\u043d\u0438 \u043c\u0435\u0431\u0435\u043b\u0438\u0440\u0430\u043d\u0438 \u043e\u0444\u0438\u0441\u0438 \u0438 \u0438\u043d\u0434\u0443\u0441\u0442\u0440\u0438\u0430\u043b\u043d\u0438 \u043f\u043b\u043e\u0449\u0438.<\/p><h4>\u041f\u0440\u043e\u0434\u0430\u0436\u0431\u0438 \u0438 \u043c\u0430\u0440\u043a\u0435\u0442\u0438\u043d\u0433<\/h4><p>- \u0410\u0434\u0430\u043f\u0442\u0438\u0440\u0430\u043d\u0435 \u043d\u0430 \u0441\u044a\u0434\u044a\u0440\u0436\u0430\u043d\u0438\u0435 \u043a\u044a\u043c \u0435\u0437\u0438\u043a\u0430 \u0438 \u043a\u0443\u043b\u0442\u0443\u0440\u0430\u0442\u0430.<br \/>- \u0420\u0435\u043a\u043b\u0430\u043c\u0430 \u0432 \u043c\u0435\u0434\u0438\u0438 \u0438 \u0441\u043e\u0446\u0438\u0430\u043b\u043d\u0438 \u043c\u0440\u0435\u0436\u0438.<br \/>- \u0418\u0437\u043b\u043e\u0436\u0435\u043d\u0438\u044f \u0438 \u043e\u043d\u043b\u0430\u0439\u043d \u043f\u043b\u0430\u0442\u0444\u043e\u0440\u043c\u0438.<br \/>- \u041e\u0431\u0441\u043b\u0443\u0436\u0432\u0430\u043d\u0435 \u043d\u0430 \u043a\u043b\u0438\u0435\u043d\u0442\u0438 \u043d\u0430 \u043c\u0435\u0441\u0442\u0435\u043d \u0435\u0437\u0438\u043a.<\/p>\t\t\t\t\t\t\t\t<\/div>\n\t\t\t\t<\/div>\n\t\t\t\t\t<\/div>\n\t\t\t\t<\/div>\n\t\t\t\t<\/div>","protected":false},"excerpt":{"rendered":"<p>Informazioni generali sulla Bulgaria Perch\u00e9 investire in Bulgaria La Bulgaria \u00e8 uno dei mercati europei pi\u00f9 interessanti per le PMI<\/p>","protected":false},"author":1,"featured_media":0,"parent":0,"menu_order":0,"comment_status":"closed","ping_status":"closed","template":"elementor_header_footer","meta":{"footnotes":""},"class_list":["post-291","page","type-page","status-publish","hentry"],"_links":{"self":[{"href":"https:\/\/italiabusinessbridge.bg\/bg\/wp-json\/wp\/v2\/pages\/291","targetHints":{"allow":["GET"]}}],"collection":[{"href":"https:\/\/italiabusinessbridge.bg\/bg\/wp-json\/wp\/v2\/pages"}],"about":[{"href":"https:\/\/italiabusinessbridge.bg\/bg\/wp-json\/wp\/v2\/types\/page"}],"author":[{"embeddable":true,"href":"https:\/\/italiabusinessbridge.bg\/bg\/wp-json\/wp\/v2\/users\/1"}],"replies":[{"embeddable":true,"href":"https:\/\/italiabusinessbridge.bg\/bg\/wp-json\/wp\/v2\/comments?post=291"}],"version-history":[{"count":7,"href":"https:\/\/italiabusinessbridge.bg\/bg\/wp-json\/wp\/v2\/pages\/291\/revisions"}],"predecessor-version":[{"id":298,"href":"https:\/\/italiabusinessbridge.bg\/bg\/wp-json\/wp\/v2\/pages\/291\/revisions\/298"}],"wp:attachment":[{"href":"https:\/\/italiabusinessbridge.bg\/bg\/wp-json\/wp\/v2\/media?parent=291"}],"curies":[{"name":"wp","href":"https:\/\/api.w.org\/{rel}","templated":true}]}}